{"id":25,"date":"2016-07-07T10:19:03","date_gmt":"2016-07-07T10:19:03","guid":{"rendered":"http:\/\/demo.evisionthemes.com\/charitize\/?page_id=25"},"modified":"2022-05-03T07:26:16","modified_gmt":"2022-05-03T07:26:16","slug":"sife-program","status":"publish","type":"page","link":"https:\/\/sife.paradicsomklub.hu\/en\/sife-program\/","title":{"rendered":"SIFE \u2013 Rolling sport conference"},"content":{"rendered":"<h4 style=\"text-align: center;\">SIFE  Sport is for everyone \u2013 Rolling sport conference<\/h4>\r\n<h3 style=\"text-align: center;\">International conference series and demonstration tour for the development of sport opportunities without borders!<\/h3>\r\n<br\/>Paradicsom Touristic, Cultural and Sport Club has been active in the organisation of barrier-free programs in the fields of sport, culture and environment. Our aim is to promote integration through practical and intellectual methods, in order to change bad practices in society, make cultural values accessible and to provide sports opportunities also for people living with disabilities.<br\/><br\/>\r\n\r\nIn Sport is for everyone (SIFE), we are collaborating with Slovakian, Romanian, Czech and Austrian partners to organise an international conference series and a demonstration tour for the development of sport opportunities without borders. The project is supported by the European Union through an Erasmus+ Sport funding.<br\/><br\/>\r\n\r\nThe project aims to <strong>make it easier for people living with physical, economic or mental obstacles to participate in sport opportunities. Thus, the target group is rather broad: people living with disabilities, elderly, youth, obese, people with insufficient level of fitness, etc.<\/strong> We do not hope to solve these issues at once, but by disseminating best practices, showing alternative solutions during the demonstration tour between Vienna and Budapest and 4 conferences held in Vienna, Bratislava, Gy\u0151r and Budapest, we can effectively promote accessibility of barrier-free sporting opportunities.<br\/>\r\n\r\nThe project includes a year-round online consultation between partners to find the best practices in the participating countries.<br\/><br\/>\r\n\r\nOnline consultation between the partners throughout the year, mapping the situation and best practices of the participating countries and developing them. After the conclusion of the events, follow-up activities are planned in order to ensure the long-term impact of the project. The online consultation between the partners is necessary because of Covid, and also keeps the costs lower than meeting in person. The regular collaborative work of the partnership throughout the year proves that the project is not just a campaign, but the initiation of a movement promoting healthy lifestyle.<br\/><br\/>\r\n\r\nGrand Tour and Conferences: The largest public event of the project is a 10-day demonstrational tandem tour along the route of Vienna-Bratislava-Gy\u0151r-Budapest, with conferences and exhibitions in each of these cities.<br\/><br\/>\r\n\r\nHigh patron of the Conferences are:<br\/>\r\n\r\n<h3 style=\"text-align: center;\">Matus Vallo Lord Major of Bratislava<br\/>\r\nMatus Vallo Pozsony F\u0151polg\u00e1rmestere \u00e9s<br\/>\r\nProf. Dr. D\u00e9zsi Csaba Andr\u00e1s Mayor of Gy\u0151r<\/h3>\r\n\r\n<br \/><br \/><br \/>\r\n<h2><center>Registration form<\/center><\/h2>\r\nDo you want to participate in the program? Submit your application: <a href=\"https:\/\/sife.paradicsomklub.hu\/wp-content\/uploads\/2022\/05\/SIFE_program_registration_form.pdf\">Download and fill out this registration form<\/a>","protected":false},"excerpt":{"rendered":"<p>SIFE Sport mindenki\u00e9 &#8211; G\u00f6rd\u00fcl\u0151 sport konferencia Nemzetk\u00f6zi konferencia-sorozat \u00e9s bemutat\u00f3 t\u00fara a korl\u00e1tok n\u00e9lk\u00fcli sportlehet\u0151s\u00e9gek fejleszt\u00e9se \u00e9rdek\u00e9ben! A Paradicsom Turisztikai, Kultur\u00e1lis \u00e9s Sport Klub 20 \u00e9ve szervez akad\u00e1lymentes sport, kultur\u00e1lis \u00e9s k\u00f6rnyezetv\u00e9delmi programokat. C\u00e9lunk az integr\u00e1ci\u00f3 gyakorlati \u00e9s intellektu\u00e1lis m\u00f3dszerekkel t\u00f6rt\u00e9n\u0151 el\u0151seg\u00edt\u00e9se, a rossz t\u00e1rsadalmi gyakorlatok megv\u00e1ltoztat\u00e1sa, a kultur\u00e1lis \u00e9rt\u00e9kek hozz\u00e1f\u00e9rhet\u0151v\u00e9 t\u00e9tele \u00e9s sportol\u00e1si [&hellip;]<\/p>","protected":false},"author":1,"featured_media":477,"parent":0,"menu_order":0,"comment_status":"closed","ping_status":"closed","template":"","meta":{"ngg_post_thumbnail":0,"footnotes":""},"class_list":["post-25","page","type-page","status-publish","has-post-thumbnail","hentry"],"rise-blocks_excerpt":"SIFE Sport mindenki\u00e9 &#8211; G\u00f6rd\u00fcl\u0151 sport konferencia Nemzetk\u00f6zi konferencia-sorozat \u00e9s bemutat\u00f3 t\u00fara a korl\u00e1tok n\u00e9lk\u00fcli sportlehet\u0151s\u00e9gek fejleszt\u00e9se \u00e9rdek\u00e9ben! A Paradicsom Turisztikai, Kultur\u00e1lis \u00e9s Sport Klub 20 \u00e9ve szervez akad\u00e1lymentes sport, kultur\u00e1lis \u00e9s k\u00f6rnyezetv\u00e9delmi programokat. C\u00e9lunk az integr\u00e1ci\u00f3 gyakorlati \u00e9s intellektu\u00e1lis m\u00f3dszerekkel t\u00f6rt\u00e9n\u0151 el\u0151seg\u00edt\u00e9se, a rossz t\u00e1rsadalmi gyakorlatok megv\u00e1ltoztat\u00e1sa, a kultur\u00e1lis \u00e9rt\u00e9kek hozz\u00e1f\u00e9rhet\u0151v\u00e9 t\u00e9tele \u00e9s sportol\u00e1si lehet\u0151s\u00e9gek biztos\u00edt\u00e1sa a fogyat\u00e9kos emberek..","_links":{"self":[{"href":"https:\/\/sife.paradicsomklub.hu\/en\/wp-json\/wp\/v2\/pages\/25","targetHints":{"allow":["GET"]}}],"collection":[{"href":"https:\/\/sife.paradicsomklub.hu\/en\/wp-json\/wp\/v2\/pages"}],"about":[{"href":"https:\/\/sife.paradicsomklub.hu\/en\/wp-json\/wp\/v2\/types\/page"}],"author":[{"embeddable":true,"href":"https:\/\/sife.paradicsomklub.hu\/en\/wp-json\/wp\/v2\/users\/1"}],"replies":[{"embeddable":true,"href":"https:\/\/sife.paradicsomklub.hu\/en\/wp-json\/wp\/v2\/comments?post=25"}],"version-history":[{"count":49,"href":"https:\/\/sife.paradicsomklub.hu\/en\/wp-json\/wp\/v2\/pages\/25\/revisions"}],"predecessor-version":[{"id":633,"href":"https:\/\/sife.paradicsomklub.hu\/en\/wp-json\/wp\/v2\/pages\/25\/revisions\/633"}],"wp:featuredmedia":[{"embeddable":true,"href":"https:\/\/sife.paradicsomklub.hu\/en\/wp-json\/wp\/v2\/media\/477"}],"wp:attachment":[{"href":"https:\/\/sife.paradicsomklub.hu\/en\/wp-json\/wp\/v2\/media?parent=25"}],"curies":[{"name":"wp","href":"https:\/\/api.w.org\/{rel}","templated":true}]}}