{"id":519,"date":"2021-09-26T13:01:00","date_gmt":"2021-09-26T13:01:00","guid":{"rendered":"https:\/\/sife.paradicsomklub.hu\/?page_id=519"},"modified":"2021-09-26T13:02:58","modified_gmt":"2021-09-26T13:02:58","slug":"sife","status":"publish","type":"page","link":"https:\/\/sife.paradicsomklub.hu\/en\/sife\/","title":{"rendered":"SIFE"},"content":{"rendered":"SIFE is an international sports program to promote unlimited sports opportunities!<br><br>\r\nThe project is supported by the European Union under the Erasmus + Sport program.<br>\r\nThe program involves 5 NGOs from 5 countries, the joint work of the Austrian, Czech, Slovak and Romanian partners is organized by the organizer and project coordinator, the Paradise Club.","protected":false},"excerpt":{"rendered":"<p>A SIFE egy nemzetk\u00f6zi sport program a korl\u00e1tok n\u00e9lk\u00fcli sportol\u00e1si lehet\u0151s\u00e9gek n\u00e9pszer\u0171s\u00edt\u00e9se \u00e9rdek\u00e9ben! A projektet az Eur\u00f3pai Uni\u00f3 t\u00e1mogatja az Erasmus + Sport program keret\u00e9ben. A programban 5 orsz\u00e1g 5 civil szervezete vesz r\u00e9sz, az osztr\u00e1k, cseh, szlov\u00e1k, \u00e9s rom\u00e1n partnerek k\u00f6z\u00f6s munk\u00e1j\u00e1t, a szervez\u0151 \u00e9s projektkoordin\u00e1tor, a Paradicsom Klub fogja \u00f6ssze.<\/p>","protected":false},"author":2,"featured_media":0,"parent":0,"menu_order":0,"comment_status":"closed","ping_status":"closed","template":"","meta":{"ngg_post_thumbnail":0,"footnotes":""},"class_list":["post-519","page","type-page","status-publish","hentry"],"rise-blocks_excerpt":"A SIFE egy nemzetk\u00f6zi sport program a korl\u00e1tok n\u00e9lk\u00fcli sportol\u00e1si lehet\u0151s\u00e9gek n\u00e9pszer\u0171s\u00edt\u00e9se \u00e9rdek\u00e9ben! A projektet az Eur\u00f3pai Uni\u00f3 t\u00e1mogatja az Erasmus + Sport program keret\u00e9ben. A programban 5 orsz\u00e1g 5 civil szervezete vesz r\u00e9sz, az osztr\u00e1k, cseh, szlov\u00e1k, \u00e9s rom\u00e1n partnerek k\u00f6z\u00f6s munk\u00e1j\u00e1t, a szervez\u0151 \u00e9s projektkoordin\u00e1tor, a Paradicsom Klub fogja \u00f6ssze.","_links":{"self":[{"href":"https:\/\/sife.paradicsomklub.hu\/en\/wp-json\/wp\/v2\/pages\/519","targetHints":{"allow":["GET"]}}],"collection":[{"href":"https:\/\/sife.paradicsomklub.hu\/en\/wp-json\/wp\/v2\/pages"}],"about":[{"href":"https:\/\/sife.paradicsomklub.hu\/en\/wp-json\/wp\/v2\/types\/page"}],"author":[{"embeddable":true,"href":"https:\/\/sife.paradicsomklub.hu\/en\/wp-json\/wp\/v2\/users\/2"}],"replies":[{"embeddable":true,"href":"https:\/\/sife.paradicsomklub.hu\/en\/wp-json\/wp\/v2\/comments?post=519"}],"version-history":[{"count":1,"href":"https:\/\/sife.paradicsomklub.hu\/en\/wp-json\/wp\/v2\/pages\/519\/revisions"}],"predecessor-version":[{"id":520,"href":"https:\/\/sife.paradicsomklub.hu\/en\/wp-json\/wp\/v2\/pages\/519\/revisions\/520"}],"wp:attachment":[{"href":"https:\/\/sife.paradicsomklub.hu\/en\/wp-json\/wp\/v2\/media?parent=519"}],"curies":[{"name":"wp","href":"https:\/\/api.w.org\/{rel}","templated":true}]}}