{"id":533,"date":"2021-09-26T13:26:08","date_gmt":"2021-09-26T13:26:08","guid":{"rendered":"https:\/\/sife.paradicsomklub.hu\/?page_id=533"},"modified":"2022-04-19T09:56:51","modified_gmt":"2022-04-19T09:56:51","slug":"downloads","status":"publish","type":"page","link":"https:\/\/sife.paradicsomklub.hu\/en\/downloads\/","title":{"rendered":"Downloads"},"content":{"rendered":"Evaluation in Hungarian: <a href=\"https:\/\/sife.paradicsomklub.hu\/wp-content\/uploads\/2021\/09\/kerdoiv_ertekelese.pdf\">Click here<\/a><br \/><br \/>\r\nEvaluation in English: <a href=\"https:\/\/sife.paradicsomklub.hu\/wp-content\/uploads\/2021\/09\/questionnaire_report.pdf\">Click here<\/a><br \/><br \/>\r\nEvaluation in Czech: <a href=\"https:\/\/sife.paradicsomklub.hu\/wp-content\/uploads\/2022\/04\/vyhodnoceni_dotazniku_SIFE.pdf\">Click here<\/a>","protected":false},"excerpt":{"rendered":"<p>Magyar nyelv\u0171 ki\u00e9rt\u00e9kel\u00e9s: ide kattintva megnyithat\u00f3 Angol nyelv\u0171 ki\u00e9rt\u00e9kel\u00e9s: ide kattintva megnyithat\u00f3 Cseh nyelv\u0171 ki\u00e9rt\u00e9kel\u00e9s: ide kattintva megnyithat\u00f3<\/p>","protected":false},"author":2,"featured_media":0,"parent":0,"menu_order":0,"comment_status":"closed","ping_status":"closed","template":"","meta":{"ngg_post_thumbnail":0,"footnotes":""},"class_list":["post-533","page","type-page","status-publish","hentry"],"rise-blocks_excerpt":"Magyar nyelv\u0171 ki\u00e9rt\u00e9kel\u00e9s: ide kattintva megnyithat\u00f3 Angol nyelv\u0171 ki\u00e9rt\u00e9kel\u00e9s: ide kattintva megnyithat\u00f3 Cseh nyelv\u0171 ki\u00e9rt\u00e9kel\u00e9s: ide kattintva megnyithat\u00f3","_links":{"self":[{"href":"https:\/\/sife.paradicsomklub.hu\/en\/wp-json\/wp\/v2\/pages\/533","targetHints":{"allow":["GET"]}}],"collection":[{"href":"https:\/\/sife.paradicsomklub.hu\/en\/wp-json\/wp\/v2\/pages"}],"about":[{"href":"https:\/\/sife.paradicsomklub.hu\/en\/wp-json\/wp\/v2\/types\/page"}],"author":[{"embeddable":true,"href":"https:\/\/sife.paradicsomklub.hu\/en\/wp-json\/wp\/v2\/users\/2"}],"replies":[{"embeddable":true,"href":"https:\/\/sife.paradicsomklub.hu\/en\/wp-json\/wp\/v2\/comments?post=533"}],"version-history":[{"count":7,"href":"https:\/\/sife.paradicsomklub.hu\/en\/wp-json\/wp\/v2\/pages\/533\/revisions"}],"predecessor-version":[{"id":618,"href":"https:\/\/sife.paradicsomklub.hu\/en\/wp-json\/wp\/v2\/pages\/533\/revisions\/618"}],"wp:attachment":[{"href":"https:\/\/sife.paradicsomklub.hu\/en\/wp-json\/wp\/v2\/media?parent=533"}],"curies":[{"name":"wp","href":"https:\/\/api.w.org\/{rel}","templated":true}]}}